{"id":2597,"date":"2026-01-26T15:31:17","date_gmt":"2026-01-26T14:31:17","guid":{"rendered":"https:\/\/luxelitemeubles.com\/?post_type=product&#038;p=2597"},"modified":"2026-01-26T15:31:17","modified_gmt":"2026-01-26T14:31:17","slug":"meuble-tv-roma","status":"publish","type":"product","link":"https:\/\/luxelitemeubles.com\/?product=meuble-tv-roma","title":{"rendered":"Meuble TV ROMA"},"content":{"rendered":"","protected":false},"excerpt":{"rendered":"<p data-start=\"1445\" data-end=\"1592\">Meuble TV <strong data-start=\"1455\" data-end=\"1474\">ROMA Ceviz Gold<\/strong> avec chemin\u00e9e \u00e9lectrique int\u00e9gr\u00e9e, LED RGB, Bluetooth, haut-parleurs et chargeur sans fil. Design moderne et luxueux.<\/p>\n","protected":false},"featured_media":2598,"comment_status":"open","ping_status":"closed","template":"","meta":[],"product_brand":[],"product_cat":[28],"product_tag":[],"class_list":{"0":"post-2597","1":"product","2":"type-product","3":"status-publish","4":"has-post-thumbnail","6":"product_cat-meuble-tv","8":"first","9":"instock","10":"taxable","11":"shipping-taxable","12":"purchasable","13":"product-type-simple"},"jetpack_sharing_enabled":true,"_links":{"self":[{"href":"https:\/\/luxelitemeubles.com\/index.php?rest_route=\/wp\/v2\/product\/2597","targetHints":{"allow":["GET"]}}],"collection":[{"href":"https:\/\/luxelitemeubles.com\/index.php?rest_route=\/wp\/v2\/product"}],"about":[{"href":"https:\/\/luxelitemeubles.com\/index.php?rest_route=\/wp\/v2\/types\/product"}],"replies":[{"embeddable":true,"href":"https:\/\/luxelitemeubles.com\/index.php?rest_route=%2Fwp%2Fv2%2Fcomments&post=2597"}],"wp:featuredmedia":[{"embeddable":true,"href":"https:\/\/luxelitemeubles.com\/index.php?rest_route=\/wp\/v2\/media\/2598"}],"wp:attachment":[{"href":"https:\/\/luxelitemeubles.com\/index.php?rest_route=%2Fwp%2Fv2%2Fmedia&parent=2597"}],"wp:term":[{"taxonomy":"product_brand","embeddable":true,"href":"https:\/\/luxelitemeubles.com\/index.php?rest_route=%2Fwp%2Fv2%2Fproduct_brand&post=2597"},{"taxonomy":"product_cat","embeddable":true,"href":"https:\/\/luxelitemeubles.com\/index.php?rest_route=%2Fwp%2Fv2%2Fproduct_cat&post=2597"},{"taxonomy":"product_tag","embeddable":true,"href":"https:\/\/luxelitemeubles.com\/index.php?rest_route=%2Fwp%2Fv2%2Fproduct_tag&post=2597"}],"curies":[{"name":"wp","href":"https:\/\/api.w.org\/{rel}","templated":true}]}}